{"id":15,"date":"2023-02-23T17:45:12","date_gmt":"2023-02-23T16:45:12","guid":{"rendered":"https:\/\/12coop.com\/?page_id=15"},"modified":"2025-06-10T20:36:02","modified_gmt":"2025-06-10T18:36:02","slug":"pagina-principal","status":"publish","type":"page","link":"https:\/\/12coop.com\/fr\/","title":{"rendered":"P\u00e1gina de inicio"},"content":{"rendered":"<div class=\"wp-block-uagb-container uagb-block-5ed19e26 alignfull uagb-is-root-container\"><div class=\"uagb-container-inner-blocks-wrap\">\n<div class=\"wp-block-uagb-container uagb-block-ca57b35c\">\n<figure class=\"wp-block-image aligncenter size-full is-resized\"><img loading=\"lazy\" decoding=\"async\" width=\"465\" height=\"595\" src=\"https:\/\/12coop.com\/wp-content\/uploads\/2023\/11\/Imagen-de-WhatsApp-2023-11-25-a-las-23.53.51_e81247e7.jpg\" alt=\"\" class=\"wp-image-425\" style=\"aspect-ratio:0.7815126050420168;width:388px;height:auto\" srcset=\"https:\/\/12coop.com\/wp-content\/uploads\/2023\/11\/Imagen-de-WhatsApp-2023-11-25-a-las-23.53.51_e81247e7.jpg 465w, https:\/\/12coop.com\/wp-content\/uploads\/2023\/11\/Imagen-de-WhatsApp-2023-11-25-a-las-23.53.51_e81247e7-300x384.jpg 300w, https:\/\/12coop.com\/wp-content\/uploads\/2023\/11\/Imagen-de-WhatsApp-2023-11-25-a-las-23.53.51_e81247e7-234x300.jpg 234w\" sizes=\"auto, (max-width: 465px) 100vw, 465px\" \/><\/figure>\n<\/div>\n\n\n\n<div class=\"wp-block-uagb-advanced-heading uagb-block-f00d88c6\"><h2 class=\"uagb-heading-text\">12 ann\u00e9es de lutte, 30 ann\u00e9es de travail et un futur enthousiasmant, que nous souhaitons et nous nous devons de partager avec toi.<\/h2><\/div>\n\n\n\n<div class=\"wp-block-uagb-container uagb-block-05917046\">\n<figure class=\"wp-block-image aligncenter size-large is-resized\"><img loading=\"lazy\" decoding=\"async\" width=\"768\" height=\"1024\" src=\"https:\/\/12coop.com\/wp-content\/uploads\/2025\/03\/Lata-de-aceite-12-coop-768x1024.jpg\" alt=\"\" class=\"wp-image-1959\" style=\"aspect-ratio:0.75;object-fit:cover;width:310px;height:auto\" srcset=\"https:\/\/12coop.com\/wp-content\/uploads\/2025\/03\/Lata-de-aceite-12-coop-768x1024.jpg 768w, https:\/\/12coop.com\/wp-content\/uploads\/2025\/03\/Lata-de-aceite-12-coop-225x300.jpg 225w, https:\/\/12coop.com\/wp-content\/uploads\/2025\/03\/Lata-de-aceite-12-coop-1152x1536.jpg 1152w, https:\/\/12coop.com\/wp-content\/uploads\/2025\/03\/Lata-de-aceite-12-coop-800x1067.jpg 800w, https:\/\/12coop.com\/wp-content\/uploads\/2025\/03\/Lata-de-aceite-12-coop.jpg 1200w\" sizes=\"auto, (max-width: 768px) 100vw, 768px\" \/><\/figure>\n<\/div>\n\n\n\n<div class=\"wp-block-uagb-buttons uagb-buttons__outer-wrap uagb-btn__default-btn uagb-btn-tablet__default-btn uagb-btn-mobile__default-btn uagb-block-c185e856\"><div class=\"uagb-buttons__wrap uagb-buttons-layout-wrap\">\n<div class=\"wp-block-uagb-buttons-child uagb-buttons__outer-wrap uagb-block-bb606ff7 wp-block-button\"><div class=\"uagb-button__wrapper\"><a class=\"uagb-buttons-repeater wp-block-button__link\" aria-label=\"\" href=\"\/fr\/tienda\/\" rel=\"follow noopener\" target=\"_self\" role=\"button\"><div class=\"uagb-button__link\">Hacer pedido<\/div><\/a><\/div><\/div>\n<\/div><\/div>\n\n\n\n<div class=\"wp-block-uagb-container uagb-block-62cfb961\"><\/div>\n\n\n\n<div class=\"wp-block-uagb-container uagb-block-828a6e4b\"><\/div>\n\n\n\n<div class=\"wp-block-uagb-container uagb-block-e84cdac8\">\n<p class=\"has-text-align-center has-text-color has-link-color wp-elements-1da8a6a1ee59b4b3683ce6720142b2dd\" style=\"color:#dedede;padding-top:0;padding-right:0;padding-bottom:0;padding-left:0;font-size:31px;line-height:1.5\">L'exp\u00e9rience coop\u00e9rative de Marinaleda est peut-\u00eatre le projet phare de l'\u00e9conomie sociale transformatrice en Andalousie. Son histoire, son impact socio-\u00e9conomique, son caract\u00e8re autogestionnaire, la lutte pour une terre comme bien public et communautaire, font de ce projet une exp\u00e9rience cl\u00e9 et un mod\u00e8le pour la construction de nouvelles initiatives socio-\u00e9conomiques d'autosuffisance, ainsi qu'un outil pour am\u00e9liorer la vie d'un village et ses alentours. Il reste des choses \u00e0 am\u00e9liorer, par exemple, le march\u00e9 sp\u00e9culatif nous pousse \u00e0 vendre les produits \u00e0 un prix trop bas pour leur haute qualit\u00e9. Le march\u00e9 alternatif n'est pas capable, pour le moment, d'offrir un r\u00e9seau de distribution suffisant pour ces produits. De ce constat commence le projet.<\/p>\n<\/div>\n\n\n\n<div class=\"wp-block-uagb-container uagb-block-595980d6\"><\/div>\n\n\n\n<div class=\"wp-block-uagb-container uagb-block-d4103390\">\n<div class=\"wp-block-uagb-image aligncenter uagb-block-1d254e62 wp-block-uagb-image--layout-default wp-block-uagb-image--effect-static wp-block-uagb-image--align-center\"><figure class=\"wp-block-uagb-image__figure\"><img decoding=\"async\" srcset=\"https:\/\/12coop.com\/wp-content\/uploads\/2023\/02\/WhatsApp-Image-2023-02-24-at-13.29.09-1-e1678038674816-1024x266.jpeg ,https:\/\/12coop.com\/wp-content\/uploads\/2023\/02\/WhatsApp-Image-2023-02-24-at-13.29.09-1-e1678038674816.jpeg 780w, https:\/\/12coop.com\/wp-content\/uploads\/2023\/02\/WhatsApp-Image-2023-02-24-at-13.29.09-1-e1678038674816.jpeg 360w\" sizes=\"auto, (max-width: 480px) 150px\" src=\"https:\/\/12coop.com\/wp-content\/uploads\/2023\/02\/WhatsApp-Image-2023-02-24-at-13.29.09-1-e1678038674816-1024x266.jpeg\" alt=\"\" class=\"uag-image-220\" width=\"1024\" height=\"266\" title=\"\" loading=\"lazy\" role=\"img\"\/><\/figure><\/div>\n<\/div>\n\n\n\n<div class=\"wp-block-uagb-container uagb-block-2a4d09ff\">\n<div class=\"wp-block-columns is-layout-flex wp-container-core-columns-is-layout-28f84493 wp-block-columns-is-layout-flex\">\n<div class=\"wp-block-column is-layout-flow wp-block-column-is-layout-flow\" style=\"flex-basis:30%\">\n<p class=\"has-text-align-left has-ast-global-color-5-color has-text-color has-link-color wp-elements-cc35c6d8e85696cd385b4507cf58a6a9\" style=\"font-size:26px\">Nuestra Red:<\/p>\n<\/div>\n\n\n\n<div class=\"wp-block-column is-layout-flow wp-block-column-is-layout-flow\" style=\"flex-basis:60%\">\n<div class=\"wp-block-uagb-image alignleft uagb-block-b3ea8cf3 wp-block-uagb-image--layout-default wp-block-uagb-image--effect-static wp-block-uagb-image--align-left\"><figure class=\"wp-block-uagb-image__figure\"><a class=\"\" href=\"https:\/\/sodepaz.org\/tienda-inicio\/\" target=\"_blank\" rel=\"noreferrer noopener\"><img decoding=\"async\" srcset=\"https:\/\/12coop.com\/wp-content\/uploads\/2024\/01\/Logo-sodepaz.jpeg.jpg ,https:\/\/12coop.com\/wp-content\/uploads\/2024\/01\/Logo-sodepaz.jpeg.jpg 780w, https:\/\/12coop.com\/wp-content\/uploads\/2024\/01\/Logo-sodepaz.jpeg.jpg 360w\" sizes=\"auto, (max-width: 480px) 150px\" src=\"https:\/\/12coop.com\/wp-content\/uploads\/2024\/01\/Logo-sodepaz.jpeg.jpg\" alt=\"\" class=\"uag-image-685\" width=\"640\" height=\"208\" title=\"\" loading=\"lazy\" role=\"img\"\/><\/a><\/figure><\/div>\n<\/div>\n\n\n\n<div class=\"wp-block-column is-layout-flow wp-block-column-is-layout-flow\" style=\"flex-basis:30%\">\n<p class=\"has-text-align-right has-ast-global-color-5-color has-text-color has-link-color wp-elements-a2bdaeb0302f00494054f49f0c0c373a\" style=\"font-size:26px\">Somos:<\/p>\n<\/div>\n\n\n\n<div class=\"wp-block-column is-layout-flow wp-block-column-is-layout-flow\" style=\"flex-basis:35%\">\n<div class=\"wp-block-uagb-image alignright uagb-block-5e934a96 wp-block-uagb-image--layout-default wp-block-uagb-image--effect-static wp-block-uagb-image--align-right\"><figure class=\"wp-block-uagb-image__figure\"><img decoding=\"async\" srcset=\"https:\/\/12coop.com\/wp-content\/uploads\/2023\/12\/coop57.jpg ,https:\/\/12coop.com\/wp-content\/uploads\/2023\/12\/coop57.jpg 780w, https:\/\/12coop.com\/wp-content\/uploads\/2023\/12\/coop57.jpg 360w\" sizes=\"auto, (max-width: 480px) 150px\" src=\"https:\/\/12coop.com\/wp-content\/uploads\/2023\/12\/coop57.jpg\" alt=\"\" class=\"uag-image-541\" width=\"170\" height=\"170\" title=\"\" loading=\"lazy\" role=\"img\"\/><\/figure><\/div>\n<\/div>\n\n\n\n<div class=\"wp-block-column is-layout-flow wp-block-column-is-layout-flow\" style=\"flex-basis:45%\">\n<div class=\"wp-block-uagb-image alignright uagb-block-3e009e54 wp-block-uagb-image--layout-default wp-block-uagb-image--effect-static wp-block-uagb-image--align-right\"><figure class=\"wp-block-uagb-image__figure\"><a class=\"\" href=\"https:\/\/madrid.mercadosocial.net\/\" target=\"\" rel=\"noopener\"><img decoding=\"async\" srcset=\"https:\/\/12coop.com\/wp-content\/uploads\/2024\/03\/LOGO-MERCADO-SOCIAL-OFICIAL.png ,https:\/\/12coop.com\/wp-content\/uploads\/2024\/03\/LOGO-MERCADO-SOCIAL-OFICIAL.png 780w, https:\/\/12coop.com\/wp-content\/uploads\/2024\/03\/LOGO-MERCADO-SOCIAL-OFICIAL.png 360w\" sizes=\"auto, (max-width: 480px) 150px\" src=\"https:\/\/12coop.com\/wp-content\/uploads\/2024\/03\/LOGO-MERCADO-SOCIAL-OFICIAL.png\" alt=\"\" class=\"uag-image-808\" width=\"230\" height=\"170\" title=\"LOGO MERCADO SOCIAL OFICIAL\" loading=\"lazy\" role=\"img\"\/><\/a><\/figure><\/div>\n<\/div>\n<\/div>\n<\/div>\n\n\n\n<div class=\"wp-block-uagb-container uagb-block-0f1fca9d\">\n<p class=\"has-text-align-right has-ast-global-color-5-color has-text-color has-link-color wp-elements-d8b9e07e888fdca317bcf324baae4538\">Autores de la traducci\u00f3n al franc\u00e9s: Jocelyn Delalande y Marta Aisa Oliver\u00a0<\/p>\n<\/div>\n<\/div><\/div>","protected":false},"excerpt":{"rendered":"<p>12 a\u00f1os de lucha, 30 a\u00f1os de trabajo y un futuro ilusionante que queremos y debemos compartir contigo. La experiencia cooperativa de Marinaleda es quiz\u00e1s el principal proyecto de la econom\u00eda social transformadora de Andaluc\u00eda. Su historia, su impacto socioecon\u00f3mico, las caracter\u00edsticas de la autogesti\u00f3n, la lucha por la tierra p\u00fablica y comunitaria, hacen de [&hellip;]<\/p>\n","protected":false},"author":1,"featured_media":0,"parent":0,"menu_order":0,"comment_status":"closed","ping_status":"closed","template":"","meta":{"_uag_custom_page_level_css":"","site-sidebar-layout":"default","site-content-layout":"","ast-site-content-layout":"default","site-content-style":"default","site-sidebar-style":"default","ast-global-header-display":"","ast-banner-title-visibility":"","ast-main-header-display":"","ast-hfb-above-header-display":"","ast-hfb-below-header-display":"","ast-hfb-mobile-header-display":"","site-post-title":"disabled","ast-breadcrumbs-content":"","ast-featured-img":"","footer-sml-layout":"","ast-disable-related-posts":"","theme-transparent-header-meta":"","adv-header-id-meta":"","stick-header-meta":"","header-above-stick-meta":"","header-main-stick-meta":"","header-below-stick-meta":"","astra-migrate-meta-layouts":"set","ast-page-background-enabled":"default","ast-page-background-meta":{"desktop":{"background-color":"var(--ast-global-color-4)","background-image":"","background-repeat":"repeat","background-position":"center center","background-size":"auto","background-attachment":"scroll","background-type":"","background-media":"","overlay-type":"","overlay-color":"","overlay-opacity":"","overlay-gradient":""},"tablet":{"background-color":"","background-image":"","background-repeat":"repeat","background-position":"center center","background-size":"auto","background-attachment":"scroll","background-type":"","background-media":"","overlay-type":"","overlay-color":"","overlay-opacity":"","overlay-gradient":""},"mobile":{"background-color":"","background-image":"","background-repeat":"repeat","background-position":"center center","background-size":"auto","background-attachment":"scroll","background-type":"","background-media":"","overlay-type":"","overlay-color":"","overlay-opacity":"","overlay-gradient":""}},"ast-content-background-meta":{"desktop":{"background-color":"var(--ast-global-color-5)","background-image":"","background-repeat":"repeat","background-position":"center center","background-size":"auto","background-attachment":"scroll","background-type":"","background-media":"","overlay-type":"","overlay-color":"","overlay-opacity":"","overlay-gradient":""},"tablet":{"background-color":"var(--ast-global-color-5)","background-image":"","background-repeat":"repeat","background-position":"center center","background-size":"auto","background-attachment":"scroll","background-type":"","background-media":"","overlay-type":"","overlay-color":"","overlay-opacity":"","overlay-gradient":""},"mobile":{"background-color":"var(--ast-global-color-5)","background-image":"","background-repeat":"repeat","background-position":"center center","background-size":"auto","background-attachment":"scroll","background-type":"","background-media":"","overlay-type":"","overlay-color":"","overlay-opacity":"","overlay-gradient":""}},"footnotes":""},"class_list":["post-15","page","type-page","status-publish","hentry"],"uagb_featured_image_src":{"full":false,"thumbnail":false,"medium":false,"medium_large":false,"large":false,"1536x1536":false,"2048x2048":false,"trp-custom-language-flag":false,"woocommerce_thumbnail":false,"woocommerce_single":false,"woocommerce_gallery_thumbnail":false},"uagb_author_info":{"display_name":"Administrador","author_link":"https:\/\/12coop.com\/fr\/author\/12coop2023gmail-com\/"},"uagb_comment_info":0,"uagb_excerpt":"12 a\u00f1os de lucha, 30 a\u00f1os de trabajo y un futuro ilusionante que queremos y debemos compartir contigo. La experiencia cooperativa de Marinaleda es quiz\u00e1s el principal proyecto de la econom\u00eda social transformadora de Andaluc\u00eda. Su historia, su impacto socioecon\u00f3mico, las caracter\u00edsticas de la autogesti\u00f3n, la lucha por la tierra p\u00fablica y comunitaria, hacen de\u2026","jetpack_sharing_enabled":true,"_links":{"self":[{"href":"https:\/\/12coop.com\/fr\/wp-json\/wp\/v2\/pages\/15","targetHints":{"allow":["GET"]}}],"collection":[{"href":"https:\/\/12coop.com\/fr\/wp-json\/wp\/v2\/pages"}],"about":[{"href":"https:\/\/12coop.com\/fr\/wp-json\/wp\/v2\/types\/page"}],"author":[{"embeddable":true,"href":"https:\/\/12coop.com\/fr\/wp-json\/wp\/v2\/users\/1"}],"replies":[{"embeddable":true,"href":"https:\/\/12coop.com\/fr\/wp-json\/wp\/v2\/comments?post=15"}],"version-history":[{"count":94,"href":"https:\/\/12coop.com\/fr\/wp-json\/wp\/v2\/pages\/15\/revisions"}],"predecessor-version":[{"id":2557,"href":"https:\/\/12coop.com\/fr\/wp-json\/wp\/v2\/pages\/15\/revisions\/2557"}],"wp:attachment":[{"href":"https:\/\/12coop.com\/fr\/wp-json\/wp\/v2\/media?parent=15"}],"curies":[{"name":"wp","href":"https:\/\/api.w.org\/{rel}","templated":true}]}}