{"id":274,"date":"2023-02-23T12:55:56","date_gmt":"2023-02-23T11:55:56","guid":{"rendered":"https:\/\/12coop.com\/mas-informacion-2\/"},"modified":"2026-04-01T19:27:32","modified_gmt":"2026-04-01T17:27:32","slug":"objetivos","status":"publish","type":"page","link":"https:\/\/12coop.com\/fr\/objetivos\/","title":{"rendered":"Pourquoi 12 ?"},"content":{"rendered":"<div class=\"wp-block-uagb-container uagb-block-237c5de7 alignfull uagb-is-root-container\"><div class=\"uagb-container-inner-blocks-wrap\">\n<div class=\"wp-block-uagb-advanced-heading uagb-block-661ff305\"><h1 class=\"uagb-heading-text\">Pourquoi 12 ?<\/h1><\/div>\n\n\n\n<div class=\"wp-block-uagb-advanced-heading uagb-block-af1ebce5\"><\/div>\n<\/div><\/div>\n\n\n\n<div class=\"wp-block-uagb-container uagb-block-a4a175cf alignfull uagb-is-root-container\"><div class=\"uagb-container-inner-blocks-wrap\"><\/div><\/div>\n\n\n\n<div class=\"wp-block-uagb-container uagb-block-c7b7eaf0 alignfull uagb-is-root-container\"><div class=\"uagb-container-inner-blocks-wrap\"><\/div><\/div>\n\n\n\n<div class=\"wp-block-uagb-container uagb-block-cc55aa90 alignfull uagb-is-root-container\"><div class=\"uagb-container-inner-blocks-wrap\">\n<p class=\"has-text-align-center\" style=\"font-size:25px\">Depuis 2014, nous travillons \u00e0 la distribution d'huile d'olive solidaire, huile dont les b\u00e9n\u00e9fices sont destin\u00e9s \u00e0 soutenir plusieurs collectifs et \u00e0 payer les frais de justices et amendes dans les affaires de r\u00e9pression pour lesquelles  nous sommes solicit\u00e9s et qui nous semblent r\u00e9voltantes (Syndicat andalou des travailleurs, piqueteras du 8M, proc\u00e8s des 6 de la suiza avec la CNT des Asturies, victimes de la r\u00e9pression du 1e octobre, etc). De l\u00e0, nous r\u00e9fl\u00e9chissons depuis quelque temps sur une chose qui nous appara\u00eet clairement injuste  : la commercialisation que les coop\u00e9ratives de Marinaleda sont contraintes de faire avec ses produits, qui, comme nous le savons, sont de grande qualit\u00e9.<\/p>\n\n\n\n<p class=\"has-text-align-center\" style=\"font-size:25px\">Le march\u00e9 sp\u00e9culatif vend ses produits \u00e0 un prix trop bas pour leur haute qualit\u00e9. Le march\u00e9 alternatif n'est pas capable, pour le moment, d'offrir un r\u00e9seau de distribution suffisant pour ces produits. De ce constat commence le projet.<\/p>\n\n\n\n<p class=\"has-text-align-center\" style=\"font-size:25px\">Pour d\u00e9marrer cette entreprise de \u00ab dignification \u00bb, notre projet est de commencer avec l'huile de la coop\u00e9rative <strong>El Humoso<\/strong>Il s'agit d'un produit de grande qualit\u00e9 qui peut se vendre \u00e0 un bon prix, et b\u00e9n\u00e9ficier tant \u00e0 l'acheteur qu'\u00e0 la coop\u00e9rative. Pour cela, nous construisons un r\u00e9seau, le r\u00e9seau qui nous manque tant pour rendre digne la distribution de nos produits sur un march\u00e9 parall\u00e8le au march\u00e9 capitaliste. Notre objectif est le suivant : que les produits li\u00e9s aux coop\u00e9rativisme transformateur soient consomm\u00e9s par des personnes li\u00e9s d'une certaine mani\u00e8re au projet, payant pour ces produist un prix juste et, de plus, g\u00e9n\u00e9rant des b\u00e9n\u00e9fices pour des projets alternatifs.<\/p>\n<\/div><\/div>\n\n\n\n<div class=\"wp-block-uagb-container uagb-block-1be5d7f5 alignfull uagb-is-root-container\"><div class=\"uagb-container-inner-blocks-wrap\">\n<div class=\"wp-block-columns is-layout-flex wp-container-core-columns-is-layout-28f84493 wp-block-columns-is-layout-flex\">\n<div class=\"wp-block-column is-layout-flow wp-block-column-is-layout-flow\" style=\"flex-basis:66.66%\">\n<div class=\"wp-block-uagb-image uagb-block-4a3d61be wp-block-uagb-image--layout-default wp-block-uagb-image--effect-static wp-block-uagb-image--align-none\"><figure class=\"wp-block-uagb-image__figure\"><img decoding=\"async\" srcset=\"https:\/\/12coop.com\/wp-content\/uploads\/2023\/11\/distribuvion-dinero-aceite-solidario.jpg ,https:\/\/12coop.com\/wp-content\/uploads\/2023\/11\/distribuvion-dinero-aceite-solidario.jpg 780w, https:\/\/12coop.com\/wp-content\/uploads\/2023\/11\/distribuvion-dinero-aceite-solidario.jpg 360w\" sizes=\"auto, (max-width: 480px) 150px\" src=\"https:\/\/12coop.com\/wp-content\/uploads\/2023\/11\/distribuvion-dinero-aceite-solidario.jpg\" alt=\"\" class=\"uag-image-437\" width=\"697\" height=\"409\" title=\"\" loading=\"lazy\" role=\"img\"\/><\/figure><\/div>\n<\/div>\n\n\n\n<div class=\"wp-block-column is-layout-flow wp-block-column-is-layout-flow\" style=\"flex-basis:33.33%\">\n<div class=\"wp-block-uagb-container uagb-block-fa6c5c35\">\n<hr class=\"wp-block-separator has-alpha-channel-opacity is-style-dots\"\/>\n<\/div>\n\n\n\n<p class=\"has-text-align-center\" style=\"font-size:25px\"><strong>Aportaci\u00f3n solidaria a las diferentes campa\u00f1as y cajas de resistencia  hasta el 31 de marzo  del 2026: 118.154\u20ac<\/strong><\/p>\n\n\n\n<div class=\"wp-block-uagb-container uagb-block-c152150a\">\n<hr class=\"wp-block-separator has-alpha-channel-opacity is-style-dots\"\/>\n<\/div>\n<\/div>\n<\/div>\n<\/div><\/div>\n\n\n\n<div class=\"wp-block-uagb-container uagb-block-31f21748 alignfull uagb-is-root-container\"><div class=\"uagb-container-inner-blocks-wrap\">\n<div class=\"wp-block-uagb-advanced-heading uagb-block-696757ac\"><div class=\"uagb-separator\"><\/div><h3 class=\"uagb-heading-text\"><strong>Et pour r\u00e9ussir, nous avons besoin de toi, et nous avons besoin que tu nous aide \u00e0 contribuer \u00e0 la transfomation sociale l'\u00e9conomie et de la soci\u00e9t\u00e9.<\/strong><\/h3><\/div>\n<\/div><\/div>\n\n\n\n<div class=\"wp-block-uagb-container uagb-block-9d93d07c alignfull uagb-is-root-container\"><div class=\"uagb-container-inner-blocks-wrap\"><\/div><\/div>\n\n\n\n<div class=\"wp-block-uagb-container uagb-block-39eed623 alignfull uagb-is-root-container\"><div class=\"uagb-container-inner-blocks-wrap\"><\/div><\/div>","protected":false},"excerpt":{"rendered":"<p>\u00bfPara qu\u00e9 12? Desde el 2014, trabajamos en la distribuci\u00f3n de aceite solidario, aceite que destina sus beneficios a sostener algunas organizaciones y a pagar gastos judiciales y multas en casos de represi\u00f3n que nos van llegando y nos parecen sangrantes (Sindicato andaluz de trabajadores, piqueteras del 8M, caso La Suiza de CNT Asturies, represaliado [&hellip;]<\/p>\n","protected":false},"author":1,"featured_media":0,"parent":0,"menu_order":0,"comment_status":"closed","ping_status":"closed","template":"","meta":{"_uag_custom_page_level_css":"","site-sidebar-layout":"default","site-content-layout":"","ast-site-content-layout":"default","site-content-style":"default","site-sidebar-style":"default","ast-global-header-display":"","ast-banner-title-visibility":"","ast-main-header-display":"","ast-hfb-above-header-display":"","ast-hfb-below-header-display":"","ast-hfb-mobile-header-display":"","site-post-title":"disabled","ast-breadcrumbs-content":"","ast-featured-img":"","footer-sml-layout":"","ast-disable-related-posts":"","theme-transparent-header-meta":"","adv-header-id-meta":"","stick-header-meta":"","header-above-stick-meta":"","header-main-stick-meta":"","header-below-stick-meta":"","astra-migrate-meta-layouts":"set","ast-page-background-enabled":"default","ast-page-background-meta":{"desktop":{"background-color":"var(--ast-global-color-4)","background-image":"","background-repeat":"repeat","background-position":"center center","background-size":"auto","background-attachment":"scroll","background-type":"","background-media":"","overlay-type":"","overlay-color":"","overlay-opacity":"","overlay-gradient":""},"tablet":{"background-color":"","background-image":"","background-repeat":"repeat","background-position":"center center","background-size":"auto","background-attachment":"scroll","background-type":"","background-media":"","overlay-type":"","overlay-color":"","overlay-opacity":"","overlay-gradient":""},"mobile":{"background-color":"","background-image":"","background-repeat":"repeat","background-position":"center center","background-size":"auto","background-attachment":"scroll","background-type":"","background-media":"","overlay-type":"","overlay-color":"","overlay-opacity":"","overlay-gradient":""}},"ast-content-background-meta":{"desktop":{"background-color":"var(--ast-global-color-5)","background-image":"","background-repeat":"repeat","background-position":"center center","background-size":"auto","background-attachment":"scroll","background-type":"","background-media":"","overlay-type":"","overlay-color":"","overlay-opacity":"","overlay-gradient":""},"tablet":{"background-color":"var(--ast-global-color-5)","background-image":"","background-repeat":"repeat","background-position":"center center","background-size":"auto","background-attachment":"scroll","background-type":"","background-media":"","overlay-type":"","overlay-color":"","overlay-opacity":"","overlay-gradient":""},"mobile":{"background-color":"var(--ast-global-color-5)","background-image":"","background-repeat":"repeat","background-position":"center center","background-size":"auto","background-attachment":"scroll","background-type":"","background-media":"","overlay-type":"","overlay-color":"","overlay-opacity":"","overlay-gradient":""}},"footnotes":""},"class_list":["post-274","page","type-page","status-publish","hentry"],"uagb_featured_image_src":{"full":false,"thumbnail":false,"medium":false,"medium_large":false,"large":false,"1536x1536":false,"2048x2048":false,"trp-custom-language-flag":false,"woocommerce_thumbnail":false,"woocommerce_single":false,"woocommerce_gallery_thumbnail":false},"uagb_author_info":{"display_name":"Administrador","author_link":"https:\/\/12coop.com\/fr\/author\/12coop2023gmail-com\/"},"uagb_comment_info":0,"uagb_excerpt":"\u00bfPara qu\u00e9 12? Desde el 2014, trabajamos en la distribuci\u00f3n de aceite solidario, aceite que destina sus beneficios a sostener algunas organizaciones y a pagar gastos judiciales y multas en casos de represi\u00f3n que nos van llegando y nos parecen sangrantes (Sindicato andaluz de trabajadores, piqueteras del 8M, caso La Suiza de CNT Asturies, represaliado\u2026","jetpack_sharing_enabled":true,"_links":{"self":[{"href":"https:\/\/12coop.com\/fr\/wp-json\/wp\/v2\/pages\/274","targetHints":{"allow":["GET"]}}],"collection":[{"href":"https:\/\/12coop.com\/fr\/wp-json\/wp\/v2\/pages"}],"about":[{"href":"https:\/\/12coop.com\/fr\/wp-json\/wp\/v2\/types\/page"}],"author":[{"embeddable":true,"href":"https:\/\/12coop.com\/fr\/wp-json\/wp\/v2\/users\/1"}],"replies":[{"embeddable":true,"href":"https:\/\/12coop.com\/fr\/wp-json\/wp\/v2\/comments?post=274"}],"version-history":[{"count":58,"href":"https:\/\/12coop.com\/fr\/wp-json\/wp\/v2\/pages\/274\/revisions"}],"predecessor-version":[{"id":3647,"href":"https:\/\/12coop.com\/fr\/wp-json\/wp\/v2\/pages\/274\/revisions\/3647"}],"wp:attachment":[{"href":"https:\/\/12coop.com\/fr\/wp-json\/wp\/v2\/media?parent=274"}],"curies":[{"name":"wp","href":"https:\/\/api.w.org\/{rel}","templated":true}]}}