{"id":320,"date":"2023-02-23T12:55:56","date_gmt":"2023-02-23T11:55:56","guid":{"rendered":"https:\/\/12coop.com\/informacion-pedidos-2\/"},"modified":"2024-01-16T16:53:38","modified_gmt":"2024-01-16T15:53:38","slug":"informacion-pedidos","status":"publish","type":"page","link":"https:\/\/12coop.com\/fr\/informacion-pedidos\/","title":{"rendered":"Description du produit"},"content":{"rendered":"<div class=\"wp-block-uagb-container uagb-block-2e7dbb05 alignfull uagb-is-root-container\"><div class=\"uagb-container-inner-blocks-wrap\">\n<div class=\"wp-block-uagb-advanced-heading uagb-block-7c67ec50\"><h1 class=\"uagb-heading-text\">Description du produit<\/h1><\/div>\n\n\n\n<div class=\"wp-block-uagb-advanced-heading uagb-block-fb064640\"><\/div>\n<\/div><\/div>\n\n\n\n<div class=\"wp-block-uagb-container uagb-block-36c1c390 alignfull uagb-is-root-container\"><div class=\"uagb-container-inner-blocks-wrap\"><\/div><\/div>\n\n\n\n<div class=\"wp-block-uagb-container uagb-block-8fd1270a alignfull uagb-is-root-container\"><div class=\"uagb-container-inner-blocks-wrap\"><\/div><\/div>\n\n\n\n<div class=\"wp-block-uagb-container uagb-block-4d62dde9 alignfull uagb-is-root-container\"><div class=\"uagb-container-inner-blocks-wrap\">\n<p class=\"has-text-align-center\" style=\"font-size:24px\">Connue pour ses b\u00e9n\u00e9fices sur la sant\u00e9 en tant qu'ingr\u00e9dient cl\u00e9 du r\u00e9gime m\u00e9diterran\u00e9en, l'huile d'olive vierge extra (AOVE) est le jus naturel d'un fruit : l'olive.<\/p>\n\n\n\n<div class=\"wp-block-uagb-container uagb-block-a8847f54\">\n<div class=\"wp-block-media-text is-stacked-on-mobile\"><figure class=\"wp-block-media-text__media\"><img loading=\"lazy\" decoding=\"async\" width=\"1024\" height=\"1024\" src=\"https:\/\/12coop.com\/wp-content\/uploads\/2023\/02\/WhatsApp-Image-2023-02-24-at-13.29.11-1024x1024.jpeg\" alt=\"\" class=\"wp-image-136 size-full\" srcset=\"https:\/\/12coop.com\/wp-content\/uploads\/2023\/02\/WhatsApp-Image-2023-02-24-at-13.29.11-1024x1024.jpeg 1024w, https:\/\/12coop.com\/wp-content\/uploads\/2023\/02\/WhatsApp-Image-2023-02-24-at-13.29.11-800x800.jpeg 800w, https:\/\/12coop.com\/wp-content\/uploads\/2023\/02\/WhatsApp-Image-2023-02-24-at-13.29.11-100x100.jpeg 100w, https:\/\/12coop.com\/wp-content\/uploads\/2023\/02\/WhatsApp-Image-2023-02-24-at-13.29.11-300x300.jpeg 300w, https:\/\/12coop.com\/wp-content\/uploads\/2023\/02\/WhatsApp-Image-2023-02-24-at-13.29.11-150x150.jpeg 150w, https:\/\/12coop.com\/wp-content\/uploads\/2023\/02\/WhatsApp-Image-2023-02-24-at-13.29.11-768x768.jpeg 768w, https:\/\/12coop.com\/wp-content\/uploads\/2023\/02\/WhatsApp-Image-2023-02-24-at-13.29.11.jpeg 1500w\" sizes=\"auto, (max-width: 1024px) 100vw, 1024px\" \/><\/figure><div class=\"wp-block-media-text__content\">\n<p style=\"font-size:24px\">L'huile d'olive vierge extra est l'huile d'olive de la plus haute qualit\u00e9, une huile pr\u00e9sentant des qualit\u00e9s et propri\u00e9t\u00e9s irr\u00e9prochables qui en font un produit id\u00e9al pour la cuisine, et, du point de vue de la sant\u00e9, une des meilleures mati\u00e8res grasses qui existent.<\/p>\n\n\n\n<p style=\"font-size:24px\">Lorsqu'on parle de qualit\u00e9 dans le processus de fabrication de la AOVE, il faut savoir que la qualit\u00e9 commence d\u00e8s le champ, d\u00e8s l'olivier et d\u00e8s l'olive.<\/p>\n<\/div><\/div>\n<\/div>\n\n\n\n<p class=\"has-text-align-center\" style=\"font-size:24px\">Un des facteurs cl\u00e9 pour produire une huile d'olive vierge extra est la cueillette des olives. Soigner cette phase du processus de fabrication est fondamental pour que les olives arrivent en bon \u00e9tat au pressoir. Pour obtenir une huile d'olive vierge extra de qualit\u00e9, nous devons utiliser uniquement des olives r\u00e9colt\u00e9es sur l'arbre, qui n'ont pas touch\u00e9 le sol. C'est ce qui garantit que le fruit est sain, propre et d\u00e9pourvu d'impuret\u00e9s pour la phase suivante du processus.<\/p>\n\n\n\n<div class=\"wp-block-uagb-container uagb-block-29d59a56\">\n<div class=\"wp-block-media-text has-media-on-the-right is-stacked-on-mobile\"><div class=\"wp-block-media-text__content\">\n<p style=\"font-size:24px\">La r\u00e9colte comme le transport doivent s'effectuer avec le maximum de pr\u00e9cautions pour que l'olive ne subisse aucun dommage. Le transport du fruit, de l'olivier au pressoir doit s'effectuer le m\u00eame jour que la r\u00e9colte, ou au plus vite. La rapidit\u00e9 \u00e0 mener \u00e0 bien le processus est fondamentale et d\u00e9termine en d\u00e9finitive la qualit\u00e9 du produit final.<\/p>\n\n\n\n<p style=\"font-size:24px\">Less olives doivent \u00eatre moulues le jour m\u00eame de la cueillette pour obtenir une qualit\u00e9 maximale et \u00e9viter que le fruit de ne d\u00e9teriore. C'est seulement ainsi que l'on peut obtenir une huile d'olive vierge extra de qualit\u00e9.<\/p>\n<\/div><figure class=\"wp-block-media-text__media\"><img loading=\"lazy\" decoding=\"async\" width=\"1024\" height=\"712\" src=\"https:\/\/12coop.com\/wp-content\/uploads\/2023\/02\/WhatsApp-Image-2023-02-24-at-13.29.12-2-e1677497113466-1024x712.jpeg\" alt=\"\" class=\"wp-image-225 size-full\" srcset=\"https:\/\/12coop.com\/wp-content\/uploads\/2023\/02\/WhatsApp-Image-2023-02-24-at-13.29.12-2-e1677497113466-1024x712.jpeg 1024w, https:\/\/12coop.com\/wp-content\/uploads\/2023\/02\/WhatsApp-Image-2023-02-24-at-13.29.12-2-e1677497113466-800x556.jpeg 800w, https:\/\/12coop.com\/wp-content\/uploads\/2023\/02\/WhatsApp-Image-2023-02-24-at-13.29.12-2-e1677497113466-300x209.jpeg 300w, https:\/\/12coop.com\/wp-content\/uploads\/2023\/02\/WhatsApp-Image-2023-02-24-at-13.29.12-2-e1677497113466-768x534.jpeg 768w, https:\/\/12coop.com\/wp-content\/uploads\/2023\/02\/WhatsApp-Image-2023-02-24-at-13.29.12-2-e1677497113466-1536x1068.jpeg 1536w, https:\/\/12coop.com\/wp-content\/uploads\/2023\/02\/WhatsApp-Image-2023-02-24-at-13.29.12-2-e1677497113466.jpeg 1600w\" sizes=\"auto, (max-width: 1024px) 100vw, 1024px\" \/><\/figure><\/div>\n<\/div>\n\n\n\n<p class=\"has-text-align-center\" style=\"font-size:24px\">La pate issue de la mouture est press\u00e9e pour extraire la majeure partie de l'huile pr\u00e9sente dans le mo\u00fbt. Cette \u00e9tape doit se faire \u00e0 froid, pr\u00e9cis\u00e9ment en dessous de 27\u202f\u00b0C. La temp\u00e9rature est essentielle pour garantir la qualit\u00e9 de l'huile d'olive vierge extra (AOVE).<\/p>\n\n\n\n<p class=\"has-text-align-center\" style=\"font-size:24px\">Apr\u00e8s la centrifugation vient la d\u00e9cantation, processus purement physique durant lequel l'huile se s\u00e9pare de l'eau et des impuret\u00e9s (petites particules d'olive) qui n'ont pas \u00e9t\u00e9 \u00e9limin\u00e9es par la centrifugation. Pour la d\u00e9cantation, l'huile reste au repos quelques heures pour que les microparticules restant en suspension \u00e0 l'issue de la centrifugation, et l'humidit\u00e9 r\u00e9siduelle se d\u00e9posent, ce repos est une garantie de qualit\u00e9.<\/p>\n\n\n\n<div class=\"wp-block-uagb-container uagb-block-defc2d5d\"><\/div>\n<\/div><\/div>\n\n\n\n<div class=\"wp-block-uagb-container uagb-block-2bf62413 alignfull uagb-is-root-container\"><div class=\"uagb-container-inner-blocks-wrap\">\t\t\t\t\t<div\n\t\t\t\t\t\tclass=\"wp-block-uagb-image-gallery uagb-block-0931e661\"\n\t\t\t\t\t\tstyle=\"\"\n\t\t\t\t\t>\n\t\t\t\t\t\t\t\t\t\t\t<div class=\"spectra-image-gallery spectra-image-gallery__layout--tiled spectra-image-gallery__layout--tiled-col-4 spectra-image-gallery__layout--tiled-col-tab-4 spectra-image-gallery__layout--tiled-col-mob-4\">\n\t\t\t\t\t\t\t\t\t\t\t<div class='spectra-image-gallery__media-wrapper' data-spectra-gallery-image-id='373' tabindex=\"0\">\n\t\t\t\t\t\t\t<div class=\"spectra-image-gallery__media spectra-image-gallery__media--tiled\">\n\t\t\t\t<picture>\n\t\t\t\t\t<source media=\"(min-width: 1024px)\" srcset=\"https:\/\/12coop.com\/wp-content\/uploads\/2023\/03\/WhatsApp-Image-2023-03-05-at-15.20.48.jpeg\">\n\t\t\t\t\t<source media=\"(min-width: 768px)\" srcset=\"https:\/\/12coop.com\/wp-content\/uploads\/2023\/03\/WhatsApp-Image-2023-03-05-at-15.20.48.jpeg\">\n\t\t\t\t\t<img decoding=\"async\" class=\"spectra-image-gallery__media-thumbnail spectra-image-gallery__media-thumbnail--tiled\" src=\"https:\/\/12coop.com\/wp-content\/uploads\/2023\/03\/WhatsApp-Image-2023-03-05-at-15.20.48-300x214.jpeg\" alt=\"\" loading=\"lazy\" \/>\n\t\t\t\t<\/picture>\n\t\t\t\t<div class=\"spectra-image-gallery__media-thumbnail-blurrer\"><\/div>\n\t\t\t\t\t\t\t\t\t\t\t<div class=\"spectra-image-gallery__media-thumbnail-caption-wrapper spectra-image-gallery__media-thumbnail-caption-wrapper--overlay\"><\/div>\n\t\t\t\t\t\t\t\t<\/div>\n\t\t\t\t\t\t<\/div>\n\t\t\t\t\t\t<div class='spectra-image-gallery__media-wrapper' data-spectra-gallery-image-id='372' tabindex=\"0\">\n\t\t\t\t\t\t\t<div class=\"spectra-image-gallery__media spectra-image-gallery__media--tiled\">\n\t\t\t\t<picture>\n\t\t\t\t\t<source media=\"(min-width: 1024px)\" srcset=\"https:\/\/12coop.com\/wp-content\/uploads\/2023\/03\/WhatsApp-Image-2023-03-05-at-15.20.47-1024x1024.jpeg\">\n\t\t\t\t\t<source media=\"(min-width: 768px)\" srcset=\"https:\/\/12coop.com\/wp-content\/uploads\/2023\/03\/WhatsApp-Image-2023-03-05-at-15.20.47-1024x1024.jpeg\">\n\t\t\t\t\t<img decoding=\"async\" class=\"spectra-image-gallery__media-thumbnail spectra-image-gallery__media-thumbnail--tiled\" src=\"https:\/\/12coop.com\/wp-content\/uploads\/2023\/03\/WhatsApp-Image-2023-03-05-at-15.20.47-300x300.jpeg\" alt=\"\" loading=\"lazy\" \/>\n\t\t\t\t<\/picture>\n\t\t\t\t<div class=\"spectra-image-gallery__media-thumbnail-blurrer\"><\/div>\n\t\t\t\t\t\t\t\t\t\t\t<div class=\"spectra-image-gallery__media-thumbnail-caption-wrapper spectra-image-gallery__media-thumbnail-caption-wrapper--overlay\"><\/div>\n\t\t\t\t\t\t\t\t<\/div>\n\t\t\t\t\t\t<\/div>\n\t\t\t\t\t\t<div class='spectra-image-gallery__media-wrapper' data-spectra-gallery-image-id='371' tabindex=\"0\">\n\t\t\t\t\t\t\t<div class=\"spectra-image-gallery__media spectra-image-gallery__media--tiled\">\n\t\t\t\t<picture>\n\t\t\t\t\t<source media=\"(min-width: 1024px)\" srcset=\"https:\/\/12coop.com\/wp-content\/uploads\/2023\/03\/WhatsApp-Image-2023-03-05-at-15.20.47-1-1024x768.jpeg\">\n\t\t\t\t\t<source media=\"(min-width: 768px)\" srcset=\"https:\/\/12coop.com\/wp-content\/uploads\/2023\/03\/WhatsApp-Image-2023-03-05-at-15.20.47-1-1024x768.jpeg\">\n\t\t\t\t\t<img decoding=\"async\" class=\"spectra-image-gallery__media-thumbnail spectra-image-gallery__media-thumbnail--tiled\" src=\"https:\/\/12coop.com\/wp-content\/uploads\/2023\/03\/WhatsApp-Image-2023-03-05-at-15.20.47-1-300x225.jpeg\" alt=\"\" loading=\"lazy\" \/>\n\t\t\t\t<\/picture>\n\t\t\t\t<div class=\"spectra-image-gallery__media-thumbnail-blurrer\"><\/div>\n\t\t\t\t\t\t\t\t\t\t\t<div class=\"spectra-image-gallery__media-thumbnail-caption-wrapper spectra-image-gallery__media-thumbnail-caption-wrapper--overlay\"><\/div>\n\t\t\t\t\t\t\t\t<\/div>\n\t\t\t\t\t\t<\/div>\n\t\t\t\t\t\t<div class='spectra-image-gallery__media-wrapper' data-spectra-gallery-image-id='149' tabindex=\"0\">\n\t\t\t\t\t\t\t<div class=\"spectra-image-gallery__media spectra-image-gallery__media--tiled\">\n\t\t\t\t<picture>\n\t\t\t\t\t<source media=\"(min-width: 1024px)\" srcset=\"https:\/\/12coop.com\/wp-content\/uploads\/2023\/02\/WhatsApp-Image-2023-02-24-at-13.29.12-1-768x1024.jpeg\">\n\t\t\t\t\t<source media=\"(min-width: 768px)\" srcset=\"https:\/\/12coop.com\/wp-content\/uploads\/2023\/02\/WhatsApp-Image-2023-02-24-at-13.29.12-1-768x1024.jpeg\">\n\t\t\t\t\t<img decoding=\"async\" class=\"spectra-image-gallery__media-thumbnail spectra-image-gallery__media-thumbnail--tiled\" src=\"https:\/\/12coop.com\/wp-content\/uploads\/2023\/02\/WhatsApp-Image-2023-02-24-at-13.29.12-1-225x300.jpeg\" alt=\"\" loading=\"lazy\" \/>\n\t\t\t\t<\/picture>\n\t\t\t\t<div class=\"spectra-image-gallery__media-thumbnail-blurrer\"><\/div>\n\t\t\t\t\t\t\t\t\t\t\t<div class=\"spectra-image-gallery__media-thumbnail-caption-wrapper spectra-image-gallery__media-thumbnail-caption-wrapper--overlay\"><\/div>\n\t\t\t\t\t\t\t\t<\/div>\n\t\t\t\t\t\t<\/div>\n\t\t\t\t\t\t\t\t\t\t\t<div class=\"spectra-image-gallery__media-sizer\"><\/div>\n\t\t\t\t\t\t\t<\/div>\n\t\t\t\t\t\t\t\t\t\t\t<\/div>\n\t\t\t\t\t\t\t\t\t<\/div><\/div>\n\n\n\n<div class=\"wp-block-uagb-container uagb-block-5377cfba alignfull uagb-is-root-container\"><div class=\"uagb-container-inner-blocks-wrap\"><\/div><\/div>\n\n\n\n<div class=\"wp-block-uagb-container uagb-block-d5dbbaf5 alignfull uagb-is-root-container\"><div class=\"uagb-container-inner-blocks-wrap\"><\/div><\/div>","protected":false},"excerpt":{"rendered":"<p>Descripci\u00f3n del producto Conocido por sus beneficios para la salud como componente clave de la dieta mediterr\u00e1nea, el Aceite de Oliva Virgen Extra (AOVE) es un jugo natural de una fruta, la aceituna. El aceite de oliva virgen extra es el aceite de oliva de m\u00e1s alta calidad, un aceite con cualidades y propiedades irreprochables [&hellip;]<\/p>\n","protected":false},"author":1,"featured_media":0,"parent":0,"menu_order":0,"comment_status":"closed","ping_status":"closed","template":"","meta":{"_uag_custom_page_level_css":"","site-sidebar-layout":"default","site-content-layout":"","ast-site-content-layout":"default","site-content-style":"default","site-sidebar-style":"default","ast-global-header-display":"","ast-banner-title-visibility":"","ast-main-header-display":"","ast-hfb-above-header-display":"","ast-hfb-below-header-display":"","ast-hfb-mobile-header-display":"","site-post-title":"disabled","ast-breadcrumbs-content":"","ast-featured-img":"","footer-sml-layout":"","ast-disable-related-posts":"","theme-transparent-header-meta":"","adv-header-id-meta":"","stick-header-meta":"","header-above-stick-meta":"","header-main-stick-meta":"","header-below-stick-meta":"","astra-migrate-meta-layouts":"set","ast-page-background-enabled":"default","ast-page-background-meta":{"desktop":{"background-color":"var(--ast-global-color-4)","background-image":"","background-repeat":"repeat","background-position":"center center","background-size":"auto","background-attachment":"scroll","background-type":"","background-media":"","overlay-type":"","overlay-color":"","overlay-opacity":"","overlay-gradient":""},"tablet":{"background-color":"","background-image":"","background-repeat":"repeat","background-position":"center center","background-size":"auto","background-attachment":"scroll","background-type":"","background-media":"","overlay-type":"","overlay-color":"","overlay-opacity":"","overlay-gradient":""},"mobile":{"background-color":"","background-image":"","background-repeat":"repeat","background-position":"center center","background-size":"auto","background-attachment":"scroll","background-type":"","background-media":"","overlay-type":"","overlay-color":"","overlay-opacity":"","overlay-gradient":""}},"ast-content-background-meta":{"desktop":{"background-color":"var(--ast-global-color-5)","background-image":"","background-repeat":"repeat","background-position":"center center","background-size":"auto","background-attachment":"scroll","background-type":"","background-media":"","overlay-type":"","overlay-color":"","overlay-opacity":"","overlay-gradient":""},"tablet":{"background-color":"var(--ast-global-color-5)","background-image":"","background-repeat":"repeat","background-position":"center center","background-size":"auto","background-attachment":"scroll","background-type":"","background-media":"","overlay-type":"","overlay-color":"","overlay-opacity":"","overlay-gradient":""},"mobile":{"background-color":"var(--ast-global-color-5)","background-image":"","background-repeat":"repeat","background-position":"center center","background-size":"auto","background-attachment":"scroll","background-type":"","background-media":"","overlay-type":"","overlay-color":"","overlay-opacity":"","overlay-gradient":""}},"footnotes":""},"class_list":["post-320","page","type-page","status-publish","hentry"],"uagb_featured_image_src":{"full":false,"thumbnail":false,"medium":false,"medium_large":false,"large":false,"1536x1536":false,"2048x2048":false,"trp-custom-language-flag":false,"woocommerce_thumbnail":false,"woocommerce_single":false,"woocommerce_gallery_thumbnail":false},"uagb_author_info":{"display_name":"Administrador","author_link":"https:\/\/12coop.com\/fr\/author\/12coop2023gmail-com\/"},"uagb_comment_info":0,"uagb_excerpt":"Descripci\u00f3n del producto Conocido por sus beneficios para la salud como componente clave de la dieta mediterr\u00e1nea, el Aceite de Oliva Virgen Extra (AOVE) es un jugo natural de una fruta, la aceituna. El aceite de oliva virgen extra es el aceite de oliva de m\u00e1s alta calidad, un aceite con cualidades y propiedades irreprochables\u2026","jetpack_sharing_enabled":true,"_links":{"self":[{"href":"https:\/\/12coop.com\/fr\/wp-json\/wp\/v2\/pages\/320","targetHints":{"allow":["GET"]}}],"collection":[{"href":"https:\/\/12coop.com\/fr\/wp-json\/wp\/v2\/pages"}],"about":[{"href":"https:\/\/12coop.com\/fr\/wp-json\/wp\/v2\/types\/page"}],"author":[{"embeddable":true,"href":"https:\/\/12coop.com\/fr\/wp-json\/wp\/v2\/users\/1"}],"replies":[{"embeddable":true,"href":"https:\/\/12coop.com\/fr\/wp-json\/wp\/v2\/comments?post=320"}],"version-history":[{"count":16,"href":"https:\/\/12coop.com\/fr\/wp-json\/wp\/v2\/pages\/320\/revisions"}],"predecessor-version":[{"id":698,"href":"https:\/\/12coop.com\/fr\/wp-json\/wp\/v2\/pages\/320\/revisions\/698"}],"wp:attachment":[{"href":"https:\/\/12coop.com\/fr\/wp-json\/wp\/v2\/media?parent=320"}],"curies":[{"name":"wp","href":"https:\/\/api.w.org\/{rel}","templated":true}]}}