{"id":8,"date":"2023-02-23T12:55:56","date_gmt":"2023-02-23T11:55:56","guid":{"rendered":"https:\/\/12coop.com\/?page_id=8"},"modified":"2024-09-11T03:09:58","modified_gmt":"2024-09-11T01:09:58","slug":"mas-informacion","status":"publish","type":"page","link":"https:\/\/12coop.com\/fr\/mas-informacion\/","title":{"rendered":"L'histoire de 12"},"content":{"rendered":"<div class=\"wp-block-uagb-container uagb-block-e747ccdc alignfull uagb-is-root-container\"><div class=\"uagb-container-inner-blocks-wrap\">\n<div class=\"wp-block-uagb-advanced-heading uagb-block-7db7d04c\"><h1 class=\"uagb-heading-text\">L'histoire de 12<\/h1><\/div>\n\n\n\n<div class=\"wp-block-uagb-advanced-heading uagb-block-17173343\"><\/div>\n<\/div><\/div>\n\n\n\n<div class=\"wp-block-uagb-container uagb-block-5dd90eb5 alignfull uagb-is-root-container\"><div class=\"uagb-container-inner-blocks-wrap\">\n<div class=\"wp-block-uagb-container uagb-block-70796456\">\n<div class=\"inherit-container-width wp-block-group alignfull has-ast-global-color-5-background-color has-background is-layout-constrained wp-block-group-is-layout-constrained\">\n<div class=\"wp-block-columns alignwide is-layout-flex wp-container-core-columns-is-layout-28f84493 wp-block-columns-is-layout-flex\">\n<div class=\"wp-block-column is-layout-flow wp-block-column-is-layout-flow\">\n<div style=\"height:5px\" aria-hidden=\"true\" class=\"wp-block-spacer\"><\/div>\n<\/div>\n<\/div>\n\n\n\n<div class=\"wp-block-columns alignwide has-ast-global-color-5-background-color has-background is-layout-flex wp-container-core-columns-is-layout-28f84493 wp-block-columns-is-layout-flex\">\n<div class=\"wp-block-column has-ast-global-color-5-background-color has-background is-layout-flow wp-block-column-is-layout-flow\" style=\"flex-basis:33.38%\">\n<p class=\"has-text-color has-medium-font-size\" style=\"color:#000000\">Parce-que pendant douze ans, les travailleurs et travailleuses journalier\u00b7es du SOC (ndt : syndicat d'ouvriers agricoles), jour apr\u00e8s jour, se rendirent sur la propri\u00e9t\u00e9 \u00ab El Humoso \u00bb avec la devise \u00ab la terre \u00e0 ceux qui la travaillent \u00bb.<\/p>\n\n\n\n<p class=\"has-medium-font-size\">Jusqu'\u00e0 ce qu'ils s'emparent de la propri\u00e9t\u00e9 embl\u00e9matique de celui qui domine toujours le village, le duc Del Infantado, le plus gros propri\u00e9taire terrien de Marinaleda, dont le titre de noblesse remonte aux rois catoliques.<\/p>\n\n\n\n<p class=\"has-medium-font-size\">12 ans \u00e0 lutter pour un lopin de terre. Et de ce dernier est n\u00e9e une coop\u00e9rative agricole, avec ses propres machines pour transformer, pr\u00e9parer et conserver sa production, o\u00f9 travaillent depuis plus de 30 ans la majorit\u00e9 du village.<\/p>\n<\/div>\n\n\n\n<div class=\"wp-block-column has-ast-global-color-5-background-color has-background is-layout-flow wp-block-column-is-layout-flow\" style=\"flex-basis:33%\">\n<div style=\"height:100px\" aria-hidden=\"true\" class=\"wp-block-spacer\"><\/div>\n\n\n\n<div class=\"wp-block-uagb-image uagb-block-ad698c51 wp-block-uagb-image--layout-default wp-block-uagb-image--effect-static wp-block-uagb-image--align-none\"><figure class=\"wp-block-uagb-image__figure\"><img decoding=\"async\" srcset=\"https:\/\/12coop.com\/wp-content\/uploads\/2023\/03\/WhatsApp-Image-2023-03-05-at-15.55.28-3.jpeg \" sizes=\"auto, (max-width: 480px) 150px\" src=\"https:\/\/12coop.com\/wp-content\/uploads\/2023\/03\/WhatsApp-Image-2023-03-05-at-15.55.28-3.jpeg\" alt=\"\" class=\"uag-image-366\" width=\"361\" height=\"540\" title=\"\" loading=\"lazy\" role=\"img\"\/><\/figure><\/div>\n<\/div>\n\n\n\n<div class=\"wp-block-column has-ast-global-color-5-background-color has-background is-layout-flow wp-block-column-is-layout-flow\" style=\"flex-basis:33.62%\">\n<div class=\"wp-block-uagb-image uagb-block-36ccd8a4 wp-block-uagb-image--layout-default wp-block-uagb-image--effect-static wp-block-uagb-image--align-none\"><figure class=\"wp-block-uagb-image__figure\"><img decoding=\"async\" srcset=\"https:\/\/12coop.com\/wp-content\/uploads\/2023\/03\/WhatsApp-Image-2023-03-05-at-15.55.28-2-1024x409.jpeg \" sizes=\"auto, (max-width: 480px) 150px\" src=\"https:\/\/12coop.com\/wp-content\/uploads\/2023\/03\/WhatsApp-Image-2023-03-05-at-15.55.28-2-1024x409.jpeg\" alt=\"\" class=\"uag-image-367\" width=\"368\" height=\"146\" title=\"\" loading=\"lazy\" role=\"img\"\/><\/figure><\/div>\n\n\n\n<div class=\"wp-block-uagb-image uagb-block-6772b854 wp-block-uagb-image--layout-default wp-block-uagb-image--effect-static wp-block-uagb-image--align-none\"><figure class=\"wp-block-uagb-image__figure\"><img decoding=\"async\" srcset=\"https:\/\/12coop.com\/wp-content\/uploads\/2023\/03\/WhatsApp-Image-2023-03-05-at-15.55.28.jpeg \" sizes=\"auto, (max-width: 480px) 150px\" src=\"https:\/\/12coop.com\/wp-content\/uploads\/2023\/03\/WhatsApp-Image-2023-03-05-at-15.55.28.jpeg\" alt=\"\" class=\"uag-image-368\" width=\"490\" height=\"318\" title=\"\" loading=\"lazy\" role=\"img\"\/><\/figure><\/div>\n<\/div>\n<\/div>\n\n\n\n<div class=\"wp-block-columns alignwide has-ast-global-color-5-background-color has-background is-layout-flex wp-container-core-columns-is-layout-28f84493 wp-block-columns-is-layout-flex\">\n<div class=\"wp-block-column is-layout-flow wp-block-column-is-layout-flow\" style=\"flex-basis:67%\">\n<div class=\"wp-block-uagb-image uagb-block-586f8325 wp-block-uagb-image--layout-default wp-block-uagb-image--effect-static wp-block-uagb-image--align-none\"><figure class=\"wp-block-uagb-image__figure\"><img decoding=\"async\" srcset=\"https:\/\/12coop.com\/wp-content\/uploads\/2023\/03\/WhatsApp-Image-2023-03-05-at-15.55.28-1.jpeg \" sizes=\"auto, (max-width: 480px) 150px\" src=\"https:\/\/12coop.com\/wp-content\/uploads\/2023\/03\/WhatsApp-Image-2023-03-05-at-15.55.28-1.jpeg\" alt=\"\" class=\"uag-image-365\" width=\"749\" height=\"554\" title=\"\" loading=\"lazy\" role=\"img\"\/><\/figure><\/div>\n<\/div>\n\n\n\n<div class=\"wp-block-column is-vertically-aligned-center is-layout-flow wp-block-column-is-layout-flow\" style=\"flex-basis:33%\">\n<p class=\"has-text-color has-medium-font-size\" style=\"color:#000000\">Parce-qu'\u00e0 12 ans, Josefa a du quitter l'\u00e9cole. Elle \u00e9tait l'ain\u00e9e de quatre fr\u00e8res, et s'en fut avec son p\u00e8re travailler aux champs. Le dos courb\u00e9, les mains toujours au ras du sol, d\u00e9sherbant ou r\u00e9coltant les olives. En regardant du coin de l'oeil, \u00e0 contre-jour, elle apercevait la silhouette du propri\u00e9taire, qui, du haut de son cheval, contr\u00f4lait tout. Son p\u00e8re \u00e9tait aussi son compagnon de travail. Elle avait partag\u00e9 avec lui de longues journ\u00e9es de travail au ras du sol. Si bien que lorsque ce dernier attrapa une maladie incurable, qui le terrassa, le regard de Josefa sombra, et ses poumons oubli\u00e8rent parfois de respirer. Josefa,   dans la d\u00e9pression, ne trouvait plus d'apaisement que dans ses prommenades \u00e0 pied \u00e0 l'Humosso. Josefa ne poussait plus que dans cette terre qu'elle avait jadis soign\u00e9e. Elle demandait \u00e0 son mari de l'emmener \u00e0 l'Humoso et cette terre lui redonnait le go\u00fbt de voir et de respirer. C'est sa m\u00e9moire, qui r\u00e9side dans la terre de l'Humoso, celle qui redonne l'envie de vivre quand quelque-chose est bris\u00e9.<\/p>\n\n\n\n<p class=\"has-text-align-right\">Extraits du livre de Susana Falc\u00f3n: <a href=\"http:\/\/www.libreria-atrapasuenos.com\/inicio\/135-lo-dieron-todo-las-luchas-de-marinaleda.html?search_query=marinaleda&amp;results=2\">Lo dieron todo. Las luchas de MARINADELA<\/a><\/p>\n<\/div>\n<\/div>\n<\/div>\n<\/div>\n\n\n\n<div class=\"wp-block-uagb-container uagb-block-68df6048\">\n<figure class=\"wp-block-embed is-type-video is-provider-youtube wp-block-embed-youtube wp-embed-aspect-16-9 wp-has-aspect-ratio\"><div class=\"wp-block-embed__wrapper\">\n<iframe loading=\"lazy\" title=\"T11x1 - Marinaleda: la utop\u00eda no es un sue\u00f1o (EL CLUB DE LA LUCHA - CARNE CRUDA)\" width=\"500\" height=\"281\" src=\"https:\/\/www.youtube.com\/embed\/GK4XqvoIAGU?feature=oembed\" frameborder=\"0\" allow=\"accelerometer; autoplay; clipboard-write; encrypted-media; gyroscope; picture-in-picture; web-share\" referrerpolicy=\"strict-origin-when-cross-origin\" allowfullscreen><\/iframe>\n<\/div><figcaption class=\"wp-element-caption\"><strong>Programa de CARNE CRUDA grabado en directo desde Marinaleda en septiembre del 2024.<\/strong><\/figcaption><\/figure>\n<\/div>\n\n\n\n<p class=\"has-text-align-center has-medium-font-size\"><\/p>\n<\/div><\/div>","protected":false},"excerpt":{"rendered":"<p>\u00bfPor qu\u00e9 12? Porque durante 12 a\u00f1os las jornaleras y jornaleros del SOC de Marinaleda, d\u00eda tras d\u00eda, acudieron a la finca del Humoso con la consigna \u201cla tierra pa quien la trabaja\u201d. Hasta que se apoderaron de la finca emblem\u00e1tica de quien siempre domin\u00f3 el pueblo, el duque del Infantado, el mayor propietario de [&hellip;]<\/p>\n","protected":false},"author":1,"featured_media":0,"parent":0,"menu_order":0,"comment_status":"closed","ping_status":"closed","template":"","meta":{"_uag_custom_page_level_css":"","site-sidebar-layout":"default","site-content-layout":"","ast-site-content-layout":"default","site-content-style":"default","site-sidebar-style":"default","ast-global-header-display":"","ast-banner-title-visibility":"","ast-main-header-display":"","ast-hfb-above-header-display":"","ast-hfb-below-header-display":"","ast-hfb-mobile-header-display":"","site-post-title":"disabled","ast-breadcrumbs-content":"","ast-featured-img":"","footer-sml-layout":"","ast-disable-related-posts":"","theme-transparent-header-meta":"","adv-header-id-meta":"","stick-header-meta":"","header-above-stick-meta":"","header-main-stick-meta":"","header-below-stick-meta":"","astra-migrate-meta-layouts":"set","ast-page-background-enabled":"default","ast-page-background-meta":{"desktop":{"background-color":"var(--ast-global-color-4)","background-image":"","background-repeat":"repeat","background-position":"center center","background-size":"auto","background-attachment":"scroll","background-type":"","background-media":"","overlay-type":"","overlay-color":"","overlay-opacity":"","overlay-gradient":""},"tablet":{"background-color":"","background-image":"","background-repeat":"repeat","background-position":"center center","background-size":"auto","background-attachment":"scroll","background-type":"","background-media":"","overlay-type":"","overlay-color":"","overlay-opacity":"","overlay-gradient":""},"mobile":{"background-color":"","background-image":"","background-repeat":"repeat","background-position":"center center","background-size":"auto","background-attachment":"scroll","background-type":"","background-media":"","overlay-type":"","overlay-color":"","overlay-opacity":"","overlay-gradient":""}},"ast-content-background-meta":{"desktop":{"background-color":"var(--ast-global-color-5)","background-image":"","background-repeat":"repeat","background-position":"center center","background-size":"auto","background-attachment":"scroll","background-type":"","background-media":"","overlay-type":"","overlay-color":"","overlay-opacity":"","overlay-gradient":""},"tablet":{"background-color":"var(--ast-global-color-5)","background-image":"","background-repeat":"repeat","background-position":"center center","background-size":"auto","background-attachment":"scroll","background-type":"","background-media":"","overlay-type":"","overlay-color":"","overlay-opacity":"","overlay-gradient":""},"mobile":{"background-color":"var(--ast-global-color-5)","background-image":"","background-repeat":"repeat","background-position":"center center","background-size":"auto","background-attachment":"scroll","background-type":"","background-media":"","overlay-type":"","overlay-color":"","overlay-opacity":"","overlay-gradient":""}},"footnotes":""},"class_list":["post-8","page","type-page","status-publish","hentry"],"uagb_featured_image_src":{"full":false,"thumbnail":false,"medium":false,"medium_large":false,"large":false,"1536x1536":false,"2048x2048":false,"trp-custom-language-flag":false,"woocommerce_thumbnail":false,"woocommerce_single":false,"woocommerce_gallery_thumbnail":false},"uagb_author_info":{"display_name":"Administrador","author_link":"https:\/\/12coop.com\/fr\/author\/12coop2023gmail-com\/"},"uagb_comment_info":0,"uagb_excerpt":"\u00bfPor qu\u00e9 12? Porque durante 12 a\u00f1os las jornaleras y jornaleros del SOC de Marinaleda, d\u00eda tras d\u00eda, acudieron a la finca del Humoso con la consigna \u201cla tierra pa quien la trabaja\u201d. Hasta que se apoderaron de la finca emblem\u00e1tica de quien siempre domin\u00f3 el pueblo, el duque del Infantado, el mayor propietario de\u2026","jetpack_sharing_enabled":true,"_links":{"self":[{"href":"https:\/\/12coop.com\/fr\/wp-json\/wp\/v2\/pages\/8","targetHints":{"allow":["GET"]}}],"collection":[{"href":"https:\/\/12coop.com\/fr\/wp-json\/wp\/v2\/pages"}],"about":[{"href":"https:\/\/12coop.com\/fr\/wp-json\/wp\/v2\/types\/page"}],"author":[{"embeddable":true,"href":"https:\/\/12coop.com\/fr\/wp-json\/wp\/v2\/users\/1"}],"replies":[{"embeddable":true,"href":"https:\/\/12coop.com\/fr\/wp-json\/wp\/v2\/comments?post=8"}],"version-history":[{"count":28,"href":"https:\/\/12coop.com\/fr\/wp-json\/wp\/v2\/pages\/8\/revisions"}],"predecessor-version":[{"id":1195,"href":"https:\/\/12coop.com\/fr\/wp-json\/wp\/v2\/pages\/8\/revisions\/1195"}],"wp:attachment":[{"href":"https:\/\/12coop.com\/fr\/wp-json\/wp\/v2\/media?parent=8"}],"curies":[{"name":"wp","href":"https:\/\/api.w.org\/{rel}","templated":true}]}}