{"id":409,"date":"2023-09-07T17:14:00","date_gmt":"2023-09-07T15:14:00","guid":{"rendered":"https:\/\/12coop.com\/?post_type=product&#038;p=409"},"modified":"2026-04-15T19:30:27","modified_gmt":"2026-04-15T17:30:27","slug":"ecologico-lata-aceite","status":"publish","type":"product","link":"https:\/\/12coop.com\/fr\/produit\/ecologico-lata-aceite\/","title":{"rendered":"Caja de 4 latas de aceite de oliva virgen extra ECOL\u00d3GICO \/ BIO (Portes aparte)"},"content":{"rendered":"<p>Cada caja contiene 4 latas de 5 litros cada una (20 litros caja)<\/p>\n<p>Aceite de oliva virgen extra de primer prensado en fr\u00edo con certificaci\u00f3n ecol\u00f3gica.<\/p>\n<p>Variedad de aceituna: Arbequina.<\/p>\n<p>Precio de los portes:<br \/>\n12,5\u20ac nacional (excepto islas, Ceuta y Melilla, consultar precios).<br \/>\n49,5\u20ac Alemania, B\u00e9lgica, Francia, Holanda, Italia, Luxemburgo, Austria y M\u00f3naco.<br \/>\nResto de pa\u00edses consultar.<\/p>","protected":false},"excerpt":{"rendered":"<p>Caja de 4 latas de aceite ecol\u00f3gico de 5 litros cada una (20 litros caja).<\/p>\n<p>Variedad de aceituna: Arbequina.<\/p>","protected":false},"featured_media":3683,"template":"","meta":{"_uag_custom_page_level_css":"","site-sidebar-layout":"default","site-content-layout":"default","ast-site-content-layout":"normal-width-container","site-content-style":"default","site-sidebar-style":"default","ast-global-header-display":"","ast-banner-title-visibility":"","ast-main-header-display":"","ast-hfb-above-header-display":"","ast-hfb-below-header-display":"","ast-hfb-mobile-header-display":"","site-post-title":"","ast-breadcrumbs-content":"","ast-featured-img":"","footer-sml-layout":"","ast-disable-related-posts":"","theme-transparent-header-meta":"default","adv-header-id-meta":"","stick-header-meta":"","header-above-stick-meta":"","header-main-stick-meta":"","header-below-stick-meta":"","astra-migrate-meta-layouts":"set","ast-page-background-enabled":"default","ast-page-background-meta":{"desktop":{"background-color":"var(--ast-global-color-4)","background-image":"","background-repeat":"repeat","background-position":"center center","background-size":"auto","background-attachment":"scroll","background-type":"","background-media":"","overlay-type":"","overlay-color":"","overlay-opacity":"","overlay-gradient":""},"tablet":{"background-color":"","background-image":"","background-repeat":"repeat","background-position":"center center","background-size":"auto","background-attachment":"scroll","background-type":"","background-media":"","overlay-type":"","overlay-color":"","overlay-opacity":"","overlay-gradient":""},"mobile":{"background-color":"","background-image":"","background-repeat":"repeat","background-position":"center center","background-size":"auto","background-attachment":"scroll","background-type":"","background-media":"","overlay-type":"","overlay-color":"","overlay-opacity":"","overlay-gradient":""}},"ast-content-background-meta":{"desktop":{"background-color":"var(--ast-global-color-5)","background-image":"","background-repeat":"repeat","background-position":"center center","background-size":"auto","background-attachment":"scroll","background-type":"","background-media":"","overlay-type":"","overlay-color":"","overlay-opacity":"","overlay-gradient":""},"tablet":{"background-color":"var(--ast-global-color-5)","background-image":"","background-repeat":"repeat","background-position":"center center","background-size":"auto","background-attachment":"scroll","background-type":"","background-media":"","overlay-type":"","overlay-color":"","overlay-opacity":"","overlay-gradient":""},"mobile":{"background-color":"var(--ast-global-color-5)","background-image":"","background-repeat":"repeat","background-position":"center center","background-size":"auto","background-attachment":"scroll","background-type":"","background-media":"","overlay-type":"","overlay-color":"","overlay-opacity":"","overlay-gradient":""}}},"product_brand":[],"product_cat":[26,27],"product_tag":[23,22],"class_list":{"0":"post-409","1":"product","2":"type-product","3":"status-publish","4":"has-post-thumbnail","6":"product_cat-caja-de-latas","7":"product_cat-lata-de-aceite","8":"product_tag-a-mano","9":"product_tag-aceite","10":"product_shipping_class-paquetes-pesado","11":"desktop-align-center","12":"tablet-align-left","13":"mobile-align-left","15":"first","16":"instock","17":"taxable","18":"shipping-taxable","19":"purchasable","20":"product-type-simple"},"uagb_featured_image_src":{"full":["https:\/\/12coop.com\/wp-content\/uploads\/2023\/09\/Aceite-Ecologico-Lata-4.jpeg",1200,1600,false],"thumbnail":["https:\/\/12coop.com\/wp-content\/uploads\/2023\/09\/Aceite-Ecologico-Lata-4-150x150.jpeg",150,150,true],"medium":["https:\/\/12coop.com\/wp-content\/uploads\/2023\/09\/Aceite-Ecologico-Lata-4-225x300.jpeg",225,300,true],"medium_large":["https:\/\/12coop.com\/wp-content\/uploads\/2023\/09\/Aceite-Ecologico-Lata-4-768x1024.jpeg",768,1024,true],"large":["https:\/\/12coop.com\/wp-content\/uploads\/2023\/09\/Aceite-Ecologico-Lata-4-768x1024.jpeg",768,1024,true],"1536x1536":["https:\/\/12coop.com\/wp-content\/uploads\/2023\/09\/Aceite-Ecologico-Lata-4-1152x1536.jpeg",1152,1536,true],"2048x2048":["https:\/\/12coop.com\/wp-content\/uploads\/2023\/09\/Aceite-Ecologico-Lata-4.jpeg",1200,1600,false],"trp-custom-language-flag":["https:\/\/12coop.com\/wp-content\/uploads\/2023\/09\/Aceite-Ecologico-Lata-4-9x12.jpeg",9,12,true],"woocommerce_thumbnail":["https:\/\/12coop.com\/wp-content\/uploads\/2023\/09\/Aceite-Ecologico-Lata-4-800x800.jpeg",800,800,true],"woocommerce_single":["https:\/\/12coop.com\/wp-content\/uploads\/2023\/09\/Aceite-Ecologico-Lata-4-800x1067.jpeg",800,1067,true],"woocommerce_gallery_thumbnail":["https:\/\/12coop.com\/wp-content\/uploads\/2023\/09\/Aceite-Ecologico-Lata-4-100x100.jpeg",100,100,true]},"uagb_author_info":{"display_name":"Administrador","author_link":"https:\/\/12coop.com\/fr\/author\/"},"uagb_comment_info":0,"uagb_excerpt":"Caja de 4 latas de aceite ecol\u00f3gico de 5 litros cada una (20 litros caja). Variedad de aceituna: Arbequina.","jetpack_sharing_enabled":true,"_links":{"self":[{"href":"https:\/\/12coop.com\/fr\/wp-json\/wp\/v2\/product\/409","targetHints":{"allow":["GET"]}}],"collection":[{"href":"https:\/\/12coop.com\/fr\/wp-json\/wp\/v2\/product"}],"about":[{"href":"https:\/\/12coop.com\/fr\/wp-json\/wp\/v2\/types\/product"}],"wp:featuredmedia":[{"embeddable":true,"href":"https:\/\/12coop.com\/fr\/wp-json\/wp\/v2\/media\/3683"}],"wp:attachment":[{"href":"https:\/\/12coop.com\/fr\/wp-json\/wp\/v2\/media?parent=409"}],"wp:term":[{"taxonomy":"product_brand","embeddable":true,"href":"https:\/\/12coop.com\/fr\/wp-json\/wp\/v2\/product_brand?post=409"},{"taxonomy":"product_cat","embeddable":true,"href":"https:\/\/12coop.com\/fr\/wp-json\/wp\/v2\/product_cat?post=409"},{"taxonomy":"product_tag","embeddable":true,"href":"https:\/\/12coop.com\/fr\/wp-json\/wp\/v2\/product_tag?post=409"}],"curies":[{"name":"wp","href":"https:\/\/api.w.org\/{rel}","templated":true}]}}